{"id":352,"date":"2026-04-29T15:43:29","date_gmt":"2026-04-29T13:43:29","guid":{"rendered":"https:\/\/pfadiorion.ch\/?page_id=352"},"modified":"2026-04-29T17:03:22","modified_gmt":"2026-04-29T15:03:22","slug":"faqs","status":"publish","type":"page","link":"https:\/\/pfadiorion.ch\/index.php\/faqs\/","title":{"rendered":"FAQ&#8217;s"},"content":{"rendered":"\n<blockquote class=\"wp-block-quote is-layout-flow wp-block-quote-is-layout-flow\">\n<h5 class=\"wp-block-heading\">Wer sind wir?<\/h5>\n\n\n\n<h6 class=\"wp-block-heading\">Wir sind Biber, W\u00f6lfli, Pfader, Pios und Rover! Wir lieben Action und Abenteuer! Wir sind die Pfadiabteilung Orion!<\/h6>\n\n\n\n<p>Die gesamte Abteilung besteht aus ca. 70 Kindern und Jugendlichen im Alter von 4 bis 16 Jahren, sowie etwas mehr als 20 Leiter und Leiterinnen, die den Kids Samstag f\u00fcr Samstag Programm in der freien Natur bieten. Die Abteilung Orion ist der Region Winterthur angeh\u00f6rig.<\/p>\n\n\n\n<p>Wir geben uns sehr M\u00fche, den Kindern und Jugendlichen in unserer Abteilung ein abwechslungsreiches Programm zu bieten, bei dem sie einerseits die Natur n\u00e4her kennenlernen, anderseits aber auch die Gesellschaft untereinander nicht zu kurz kommt. Wer zu uns in die Pfadi kommt, dem wird bestimmt nie langweilig!<\/p>\n<\/blockquote>\n\n\n\n<blockquote class=\"wp-block-quote is-layout-flow wp-block-quote-is-layout-flow\">\n<h5 class=\"wp-block-heading\"><strong>Wie wird man Mitglied bei der Pfadi Orion?<\/strong><\/h5>\n\n\n\n<p>Am einfachsten l\u00e4dst Du unser Anmeldeformular unter <a href=\"https:\/\/pfadiorion.ch\/wp-content\/uploads\/2026\/03\/Anmeldetalon-Pfadi-Orion.pdf\" data-type=\"link\" data-id=\"https:\/\/pfadiorion.ch\/wp-content\/uploads\/2026\/03\/Anmeldetalon-Pfadi-Orion.pdf\">Anmeldetalon-Pfadi-Orion.pdf<\/a> herunter und gibst es an einem Samstagnachmittag einem Leiter. Du kannst aber auch nach einer \u00dcbung einen Leiter fragen, wir haben meistens ein paar Formulare bereit im Pfadiheim.<\/p>\n<\/blockquote>\n\n\n\n<blockquote class=\"wp-block-quote is-layout-flow wp-block-quote-is-layout-flow\">\n<h5 class=\"wp-block-heading\">Was ist die Pfadi?<\/h5>\n\n\n\n<p>Die Pfadi ist ein weltweiter, religi\u00f6s und politisch unabh\u00e4ngiger Verband mit dem Ziel, junge Menschen bei ihrer Entwicklung zu f\u00f6rdern, damit diese in der Gesellschaft Verantwortung \u00fcbernehmen k\u00f6nnen.<\/p>\n\n\n\n<p>Die Pfadibewegung Schweiz (PBS) ist mit \u00fcber 40&#8217;000 Mitgliedern die gr\u00f6sste Jugendorganisation hierzulande. Sie ist in 22 kantonalen Verb\u00e4nden und rund 600 lokalen Abteilungen und Gruppen organisiert.<\/p>\n\n\n\n<p>Mehr Infos und Eindr\u00fccke zur Pfadi findest du hier:<\/p>\n\n\n\n<p><a href=\"http:\/\/www.pfadi.ch\/\" target=\"_blank\" rel=\"noreferrer noopener\">Pfadi Bewegung Schweiz<\/a><br><a href=\"https:\/\/www.pfadiwinti.ch\/\" data-type=\"link\" data-id=\"https:\/\/www.pfadiwinti.ch\/\">pfadiwinti.ch<\/a><\/p>\n<\/blockquote>\n\n\n\n<blockquote class=\"wp-block-quote is-layout-flow wp-block-quote-is-layout-flow\">\n<h5 class=\"wp-block-heading\">Was muss ich mitnehmen?<\/h5>\n\n\n\n<p><br>Grunds\u00e4tzlich besteht die Pfadiausr\u00fcstung aus dem Pfadihemd und unserem Foulard. Da wir meistens draussen sind, ist gutes Schuhwerk und angemessene Kleidung empfehlenswert. Ausserdem solltest du einen Rucksack oder ein Pfadit\u00e4schli dabei haben, in dem du Schreibzeug, ein Sackmesser und Streichh\u00f6lzer hast.<br>Manchmal kann es sein, dass man etwas spezielles mitnehmen muss, das steht aber immer unter Samstag Aktivit\u00e4t. <\/p>\n<\/blockquote>\n\n\n\n<blockquote class=\"wp-block-quote is-layout-flow wp-block-quote-is-layout-flow\">\n<h5 class=\"wp-block-heading\">Kann ich schnuppern?<\/h5>\n\n\n\n<p>Nat\u00fcrlich. Du kannst ganz unverbindlich an einem Samstagnachmittag vorbeikommen und schauen ob es Dir gef\u00e4llt. Gib uns doch einfach rechts kurz Bescheid <a href=\"https:\/\/pfadiorion.ch\/index.php\/all-groups\/\" data-type=\"link\" data-id=\"https:\/\/pfadiorion.ch\/index.php\/default-user-group\/?gid=3\">Gruppen Kontakt<\/a> Nimm nach der \u00dcbung mit einem Leiter Kontakt auf, er\/sie kann Dir mehr Infos zur Pfadi geben.<\/p>\n<\/blockquote>\n\n\n\n<blockquote class=\"wp-block-quote is-layout-flow wp-block-quote-is-layout-flow\">\n<h5 class=\"wp-block-heading\">Wann findet die Pfadi statt?<\/h5>\n\n\n\n<p>Normalerweise findet jeden Samstag von 14 &#8211; 17 Uhr eine Pfadiaktivit\u00e4t statt. In den Schulferien, sowie an einigen Feiertagen f\u00e4llt die Pfadi aus. Es kann auch sein, das eine Aktivit\u00e4t l\u00e4nger dauert oder sp\u00e4ter stattfindet. Details f\u00fcr den n\u00e4chsten Samstag sind jeweils auf der <a href=\"https:\/\/pfadiorion.ch\/\">Samstag Aktivit\u00e4t<\/a> unter &#171;Pfadi, W\u00f6lfli oder Biber&#187; f\u00fcr die verschiedenen Gruppen aufgelistet.<\/p>\n<\/blockquote>\n\n\n\n<blockquote class=\"wp-block-quote is-layout-flow wp-block-quote-is-layout-flow\">\n<h5 class=\"wp-block-heading\">Wie sind die Gruppen aufgeteilt?<\/h5>\n\n\n\n<p>Bei uns gibt es 4 Stufen. Die j\u00fcngsten (1. &amp; 2. Kindergarten) sind die Biber und lernen das Pfadileben ein- bis zweimal im Monat kennen. Ab der ersten Klasse kommen sie in die Wolfstufe, wo sie spannende Geschichten erleben und wenn man in die 6. Klasse kommt, wechselt man in die Pfadistufe, in der neben Zelt-bauen aus Blachen und Kochen auf dem Feuer, auch Abenteuer nicht zu kurz kommen. In die Pios kommt man schlussendlich, wenn man in die erste Sek eintritt.<\/p>\n<\/blockquote>\n\n\n\n<p><\/p>\n","protected":false},"excerpt":{"rendered":"<p>Wer sind wir? Wir sind Biber, W\u00f6lfli, Pfader, Pios und Rover! Wir lieben Action und Abenteuer! Wir sind die Pfadiabteilung Orion! Die gesamte Abteilung besteht aus ca. 70 Kindern und Jugendlichen im Alter von 4 bis 16 Jahren, sowie etwas mehr als 20 Leiter und Leiterinnen, die den Kids Samstag f\u00fcr Samstag Programm in der &hellip; <a href=\"https:\/\/pfadiorion.ch\/index.php\/faqs\/\" class=\"more-link\">Continue reading<span class=\"screen-reader-text\"> &#171;FAQ&#8217;s&#187;<\/span><\/a><\/p>\n","protected":false},"author":1,"featured_media":0,"parent":0,"menu_order":0,"comment_status":"closed","ping_status":"closed","template":"","meta":{"footnotes":""},"class_list":["post-352","page","type-page","status-publish","hentry"],"_links":{"self":[{"href":"https:\/\/pfadiorion.ch\/index.php\/wp-json\/wp\/v2\/pages\/352","targetHints":{"allow":["GET"]}}],"collection":[{"href":"https:\/\/pfadiorion.ch\/index.php\/wp-json\/wp\/v2\/pages"}],"about":[{"href":"https:\/\/pfadiorion.ch\/index.php\/wp-json\/wp\/v2\/types\/page"}],"author":[{"embeddable":true,"href":"https:\/\/pfadiorion.ch\/index.php\/wp-json\/wp\/v2\/users\/1"}],"replies":[{"embeddable":true,"href":"https:\/\/pfadiorion.ch\/index.php\/wp-json\/wp\/v2\/comments?post=352"}],"version-history":[{"count":15,"href":"https:\/\/pfadiorion.ch\/index.php\/wp-json\/wp\/v2\/pages\/352\/revisions"}],"predecessor-version":[{"id":478,"href":"https:\/\/pfadiorion.ch\/index.php\/wp-json\/wp\/v2\/pages\/352\/revisions\/478"}],"wp:attachment":[{"href":"https:\/\/pfadiorion.ch\/index.php\/wp-json\/wp\/v2\/media?parent=352"}],"curies":[{"name":"wp","href":"https:\/\/api.w.org\/{rel}","templated":true}]}}