{"id":299,"date":"2026-04-10T15:15:33","date_gmt":"2026-04-10T13:15:33","guid":{"rendered":"https:\/\/pfadiorion.ch\/index.php\/all-groups\/"},"modified":"2026-04-10T15:15:33","modified_gmt":"2026-04-10T13:15:33","slug":"all-groups","status":"publish","type":"page","link":"https:\/\/pfadiorion.ch\/index.php\/all-groups\/","title":{"rendered":"All Groups"},"content":{"rendered":"<div class=\"pmagic\">\n    <div class=\"pg-group-box-wrap pg-theme-bg\">\n  <div class=\"pm-group-container pm-dbfl\">\n             <div class=\"pg-group-filters-head pm-dbfl pm-bg\">\n                <div class=\"pg-group-filter-ls pg-members-sortby pm-difl \">\n            <div class=\"pg-sortby-alpha pm-difl\">\n               \n            <span class=\"pg-sort-dropdown pm-border pm-difl\">\n                <select class=\"pg-custom-select\" name=\"group_sort_by\" id=\"group_sort_by\" onchange=\"pm_get_all_groups(1)\">\n                    <option value=\"newest\"  selected='selected'>Newest<\/option>\n                    <option value=\"oldest\" >Oldest<\/option>\n                    <option value=\"name_asc\" >Alphabetical (A-Z)<\/option>\n                    <option value=\"name_desc\" >Alphabetical (Z-A)<\/option>\n                <\/select>\n            <\/span>\n                <\/div>\n            \n        <\/div>\n                  \n        <div class=\"pg-group-filter-rs pm-difr\">\n                       <div class=\"pm-difl pg-members-sortby\">\n                <span class=\"pg-sort-view\">\n                    <span><input type=\"radio\" id=\"pg_grid_view\" name=\"pg_groups_view\" class=\"\" value=\"grid\"  onclick=\"pm_get_all_groups(1)\"\/>\n                    <label for=\"pg_grid_view\" class=\"\"><svg xmlns=\"http:\/\/www.w3.org\/2000\/svg\" width=\"40\" height=\"40\" viewBox=\"0 0 24 24\"><path d=\"M4 11h5V5H4v6zm0 7h5v-6H4v6zm6 0h5v-6h-5v6zm6 0h5v-6h-5v6zm-6-7h5V5h-5v6zm6-6v6h5V5h-5z\"\/><path d=\"M0 0h24v24H0z\" fill=\"none\"\/><\/svg><\/label>\n                    <\/span>\n                    <span> <input type=\"radio\" id=\"pg_list_view\" name=\"pg_groups_view\" class=\"\" value=\"list\"  checked='checked' onclick=\"pm_get_all_groups(1)\" \/>\n                    <label for=\"pg_list_view\" class=\"pg-select-list-view\"><svg xmlns=\"http:\/\/www.w3.org\/2000\/svg\" width=\"40\" height=\"40\" viewBox=\"0 0 24 24\"><path d=\"M4 14h4v-4H4v4zm0 5h4v-4H4v4zM4 9h4V5H4v4zm5 5h12v-4H9v4zm0 5h12v-4H9v4zM9 5v4h12V5H9z\"\/><path d=\"M0 0h24v24H0z\" fill=\"none\"\/><\/svg><\/label>\n                    <\/span>\n                <\/span>\n\n            <\/div>\n                                    <div class=\"pg-group-search pm-difl\"><input type=\"text\" name=\"group_search\" id=\"group_search\" placeholder=\"Search\" onkeyup=\"pm_get_all_groups(1)\"><\/div>\n                    <\/div>\n           \n    <\/div>   \n            \n   <div class=\"pm-all-group-container pm-dbfl pg-groups-cols-3 \" data-pg-groups-limit=\"10\" data-pg-groups-include=\"\" data-pg-groups-exclude=\"\" data-pg-groups-type=\"\" data-pg-groups-paid=\"\" data-pg-groups-view=\"list\" data-pg-groups-sort=\"newest\">\n    \t\t <div class=\"pg-group-card pg-group-card-list pm-group pm-group-list-view pm-dbfl\">\n\t\t\t \t\t\t <div class=\"pg-group-image pm-group-logo pm-difl\">\n\t\t\t\t \t\t\t\t\t <a href=\"?gid=8\" class=\"pm-group-image-link\"><img loading=\"lazy\" decoding=\"async\" width=\"1400\" height=\"1050\" src=\"https:\/\/pfadiorion.ch\/wp-content\/uploads\/2026\/03\/568eb9a46021c703685735.jpg\" class=\"pg-group-icon\" alt=\"Heimverwaltung\" \/><\/a>\n\t\t\t\t \t\t\t\t \t\t\t\t\t <span class=\"pg-group-type material-icons\">lock_open<\/span>\n\t\t\t\t \t\t\t\t \t\t\t <\/div>\n\t\t\t \t\t\t <div class=\"pg-group-content pm-group-name-desc pm-difl\">\n\t\t\t\t <h3 class=\"pg-group-title pm-group-heading pm-pad10 pm-clip\"><a href=\"https:\/\/pfadiorion.ch\/index.php\/default-user-group\/?gid=8\">Heimverwaltung<\/a><\/h3>\n\t\t\t\t \t\t\t\t\t <p class=\"pg-group-desc pm-group-desc pm-pad10\">Das Pfadiheim wird vom G\u00f6nnerverein finanziert. Verwaltet wird es von Familie Schubnell. Angaben zur Miete unter dem Link Pfadiheim im Men\u00fc.<\/p>\n\t\t\t\t \t\t\t\t \t\t\t\t <div class=\"pg-group-meta\">\n\t\t\t\t\t \t\t\t\t\t \t\t\t\t\t\t <span class=\"pg-group-meta-item pg-group-meta-members\"><span class=\"material-icons\">group<\/span> 1 Member<\/span>\n\t\t\t\t\t                                                                                           <span class=\"pg-group-meta-item pg-group-meta-manager\"><span class=\"material-icons\">person<\/span> Denise Schubnell<\/span>\n                                         \t\t\t\t\t \t\t\t\t <\/div>\n\t\t\t\t \t\t\t <\/div>\n\t\t\t \t\t\t <div class=\"pm-group-button pm-difr\">\n\t\t\t\t <a href=\"?gid=8\" class=\"pm_button pg-group-button\">Join Group<\/a>\t\t\t <\/div>\n\t\t\t \n\t\t <\/div>\n\t\t\t\t\t\t <div class=\"pg-group-card pg-group-card-list pm-group pm-group-list-view pm-dbfl\">\n\t\t\t \t\t\t <div class=\"pg-group-image pm-group-logo pm-difl\">\n\t\t\t\t \t\t\t\t\t <a href=\"?gid=7\" class=\"pm-group-image-link\"><img loading=\"lazy\" decoding=\"async\" width=\"2560\" height=\"1707\" src=\"https:\/\/pfadiorion.ch\/wp-content\/uploads\/2026\/03\/Foto-06.09.25-15-16-33-scaled.jpg\" class=\"pg-group-icon\" alt=\"Pios Leitende\" \/><\/a>\n\t\t\t\t \t\t\t\t \t\t\t\t\t <span class=\"pg-group-type material-icons\">lock_open<\/span>\n\t\t\t\t \t\t\t\t \t\t\t <\/div>\n\t\t\t \t\t\t <div class=\"pg-group-content pm-group-name-desc pm-difl\">\n\t\t\t\t <h3 class=\"pg-group-title pm-group-heading pm-pad10 pm-clip\"><a href=\"https:\/\/pfadiorion.ch\/index.php\/default-user-group\/?gid=7\">Pios Leitende<\/a><\/h3>\n\t\t\t\t \t\t\t\t\t <p class=\"pg-group-desc pm-group-desc pm-pad10\">Pfadistufe In der Pfadistufe erleben Kinder und Jugendliche im Alter von ca. 10\u201314 Jahren jede Woche spannende Aktivit\u00e4ten, Teamarbeit und Abenteue...<\/p>\n\t\t\t\t \t\t\t\t \t\t\t\t <div class=\"pg-group-meta\">\n\t\t\t\t\t \t\t\t\t\t \t\t\t\t\t\t <span class=\"pg-group-meta-item pg-group-meta-members\"><span class=\"material-icons\">group<\/span> 2 Members<\/span>\n\t\t\t\t\t                                          \t\t\t\t\t \t\t\t\t <\/div>\n\t\t\t\t \t\t\t <\/div>\n\t\t\t \t\t\t <div class=\"pm-group-button pm-difr\">\n\t\t\t\t <a href=\"?gid=7\" class=\"pm_button pg-group-button\">Join Group<\/a>\t\t\t <\/div>\n\t\t\t \n\t\t <\/div>\n\t\t\t\t\t\t <div class=\"pg-group-card pg-group-card-list pm-group pm-group-list-view pm-dbfl\">\n\t\t\t \t\t\t <div class=\"pg-group-image pm-group-logo pm-difl\">\n\t\t\t\t \t\t\t\t\t <a href=\"?gid=6\" class=\"pm-group-image-link\"><img loading=\"lazy\" decoding=\"async\" width=\"2048\" height=\"1536\" src=\"https:\/\/pfadiorion.ch\/wp-content\/uploads\/2026\/04\/62a065eb879e6414717600.jpeg\" class=\"pg-group-icon\" alt=\"Abteilungs Leitende\" \/><\/a>\n\t\t\t\t \t\t\t\t \t\t\t\t\t <span class=\"pg-group-type material-icons\">lock_open<\/span>\n\t\t\t\t \t\t\t\t \t\t\t <\/div>\n\t\t\t \t\t\t <div class=\"pg-group-content pm-group-name-desc pm-difl\">\n\t\t\t\t <h3 class=\"pg-group-title pm-group-heading pm-pad10 pm-clip\"><a href=\"https:\/\/pfadiorion.ch\/index.php\/default-user-group\/?gid=6\">Abteilungs Leitende<\/a><\/h3>\n\t\t\t\t \t\t\t\t\t <p class=\"pg-group-desc pm-group-desc pm-pad10\">Abteilungsleitung Die Abteilungsleitung tr\u00e4gt die Gesamtverantwortung f\u00fcr das Jahresprogramm und die abteilungsweiten Anl\u00e4sse. Sie begleitet und be...<\/p>\n\t\t\t\t \t\t\t\t \t\t\t\t <div class=\"pg-group-meta\">\n\t\t\t\t\t \t\t\t\t\t \t\t\t\t\t\t <span class=\"pg-group-meta-item pg-group-meta-members\"><span class=\"material-icons\">group<\/span> 3 Members<\/span>\n\t\t\t\t\t                                                                                           <span class=\"pg-group-meta-item pg-group-meta-manager\"><span class=\"material-icons\">person<\/span> Annalena R\u00f6thlisberger<\/span>\n                                         \t\t\t\t\t \t\t\t\t <\/div>\n\t\t\t\t \t\t\t <\/div>\n\t\t\t \t\t\t <div class=\"pm-group-button pm-difr\">\n\t\t\t\t <a href=\"?gid=6\" class=\"pm_button pg-group-button\">Join Group<\/a>\t\t\t <\/div>\n\t\t\t \n\t\t <\/div>\n\t\t\t\t\t\t <div class=\"pg-group-card pg-group-card-list pm-group pm-group-list-view pm-dbfl\">\n\t\t\t \t\t\t <div class=\"pg-group-image pm-group-logo pm-difl\">\n\t\t\t\t \t\t\t\t\t <a href=\"?gid=5\" class=\"pm-group-image-link\"><img loading=\"lazy\" decoding=\"async\" width=\"900\" height=\"600\" src=\"https:\/\/pfadiorion.ch\/wp-content\/uploads\/2026\/04\/58e1124ec3a97903791579.jpg\" class=\"pg-group-icon\" alt=\"Elternrat\" \/><\/a>\n\t\t\t\t \t\t\t\t \t\t\t\t\t <span class=\"pg-group-type material-icons\">lock_open<\/span>\n\t\t\t\t \t\t\t\t \t\t\t <\/div>\n\t\t\t \t\t\t <div class=\"pg-group-content pm-group-name-desc pm-difl\">\n\t\t\t\t <h3 class=\"pg-group-title pm-group-heading pm-pad10 pm-clip\"><a href=\"https:\/\/pfadiorion.ch\/index.php\/default-user-group\/?gid=5\">Elternrat<\/a><\/h3>\n\t\t\t\t \t\t\t\t\t <p class=\"pg-group-desc pm-group-desc pm-pad10\">Der Elternrat ist ein wertvoller Teil unserer Abteilung. Er unterst\u00fctzt die Leitenden, f\u00f6rdert den Austausch zwischen Eltern und Leitungsteam und hi...<\/p>\n\t\t\t\t \t\t\t\t \t\t\t\t <div class=\"pg-group-meta\">\n\t\t\t\t\t \t\t\t\t\t \t\t\t\t\t\t <span class=\"pg-group-meta-item pg-group-meta-members\"><span class=\"material-icons\">group<\/span> 3 Members<\/span>\n\t\t\t\t\t                                          \t\t\t\t\t \t\t\t\t <\/div>\n\t\t\t\t \t\t\t <\/div>\n\t\t\t \t\t\t <div class=\"pm-group-button pm-difr\">\n\t\t\t\t <a href=\"?gid=5\" class=\"pm_button pg-group-button\">Join Group<\/a>\t\t\t <\/div>\n\t\t\t \n\t\t <\/div>\n\t\t\t\t\t\t <div class=\"pg-group-card pg-group-card-list pm-group pm-group-list-view pm-dbfl\">\n\t\t\t \t\t\t <div class=\"pg-group-image pm-group-logo pm-difl\">\n\t\t\t\t \t\t\t\t\t <a href=\"?gid=4\" class=\"pm-group-image-link\"><img loading=\"lazy\" decoding=\"async\" width=\"2560\" height=\"1707\" src=\"https:\/\/pfadiorion.ch\/wp-content\/uploads\/2026\/03\/DSC_0143-scaled.jpg\" class=\"pg-group-icon\" alt=\"Pfadi Leitende\" \/><\/a>\n\t\t\t\t \t\t\t\t \t\t\t\t\t <span class=\"pg-group-type material-icons\">lock_open<\/span>\n\t\t\t\t \t\t\t\t \t\t\t <\/div>\n\t\t\t \t\t\t <div class=\"pg-group-content pm-group-name-desc pm-difl\">\n\t\t\t\t <h3 class=\"pg-group-title pm-group-heading pm-pad10 pm-clip\"><a href=\"https:\/\/pfadiorion.ch\/index.php\/default-user-group\/?gid=4\">Pfadi Leitende<\/a><\/h3>\n\t\t\t\t \t\t\t\t\t <p class=\"pg-group-desc pm-group-desc pm-pad10\">In der Pfadistufe erleben Kinder und Jugendliche im Alter von ca. 10\u201314 Jahren jede Woche spannende Aktivit\u00e4ten, Teamarbeit und Abenteuer in der Na...<\/p>\n\t\t\t\t \t\t\t\t \t\t\t\t <div class=\"pg-group-meta\">\n\t\t\t\t\t \t\t\t\t\t \t\t\t\t\t\t <span class=\"pg-group-meta-item pg-group-meta-members\"><span class=\"material-icons\">group<\/span> 10 Members<\/span>\n\t\t\t\t\t                                          \t\t\t\t\t \t\t\t\t <\/div>\n\t\t\t\t \t\t\t <\/div>\n\t\t\t \t\t\t <div class=\"pm-group-button pm-difr\">\n\t\t\t\t <a href=\"?gid=4\" class=\"pm_button pg-group-button\">Join Group<\/a>\t\t\t <\/div>\n\t\t\t \n\t\t <\/div>\n\t\t\t\t\t\t <div class=\"pg-group-card pg-group-card-list pm-group pm-group-list-view pm-dbfl\">\n\t\t\t \t\t\t <div class=\"pg-group-image pm-group-logo pm-difl\">\n\t\t\t\t \t\t\t\t\t <a href=\"?gid=3\" class=\"pm-group-image-link\"><img loading=\"lazy\" decoding=\"async\" width=\"666\" height=\"1000\" src=\"https:\/\/pfadiorion.ch\/wp-content\/uploads\/2026\/03\/Milchstrasse.jpg\" class=\"pg-group-icon\" alt=\"W\u00f6lfli Leitende\" \/><\/a>\n\t\t\t\t \t\t\t\t \t\t\t\t\t <span class=\"pg-group-type material-icons\">lock_open<\/span>\n\t\t\t\t \t\t\t\t \t\t\t <\/div>\n\t\t\t \t\t\t <div class=\"pg-group-content pm-group-name-desc pm-difl\">\n\t\t\t\t <h3 class=\"pg-group-title pm-group-heading pm-pad10 pm-clip\"><a href=\"https:\/\/pfadiorion.ch\/index.php\/default-user-group\/?gid=3\">W\u00f6lfli Leitende<\/a><\/h3>\n\t\t\t\t \t\t\t\t\t <p class=\"pg-group-desc pm-group-desc pm-pad10\">Die Wolfsstufe richtet sich an Kinder im Alter von ca. 6\u201310 Jahren. Die W\u00f6lfe erwartet jeden Samstagnachmittag ein vielseitiges, spielerisches und ...<\/p>\n\t\t\t\t \t\t\t\t \t\t\t\t <div class=\"pg-group-meta\">\n\t\t\t\t\t \t\t\t\t\t \t\t\t\t\t\t <span class=\"pg-group-meta-item pg-group-meta-members\"><span class=\"material-icons\">group<\/span> 7 Members<\/span>\n\t\t\t\t\t                                          \t\t\t\t\t \t\t\t\t <\/div>\n\t\t\t\t \t\t\t <\/div>\n\t\t\t \t\t\t <div class=\"pm-group-button pm-difr\">\n\t\t\t\t <a href=\"?gid=3\" class=\"pm_button pg-group-button\">Join Group<\/a>\t\t\t <\/div>\n\t\t\t \n\t\t <\/div>\n\t\t\t\t\t\t <div class=\"pg-group-card pg-group-card-list pm-group pm-group-list-view pm-dbfl\">\n\t\t\t \t\t\t <div class=\"pg-group-image pm-group-logo pm-difl\">\n\t\t\t\t \t\t\t\t\t <a href=\"?gid=2\" class=\"pm-group-image-link\"><img loading=\"lazy\" decoding=\"async\" width=\"1000\" height=\"666\" src=\"https:\/\/pfadiorion.ch\/wp-content\/uploads\/2026\/03\/57c5dc4bd960d924120830.jpg\" class=\"pg-group-icon\" alt=\"Biber Leitende\" \/><\/a>\n\t\t\t\t \t\t\t\t \t\t\t\t\t <span class=\"pg-group-type material-icons\">lock_open<\/span>\n\t\t\t\t \t\t\t\t \t\t\t <\/div>\n\t\t\t \t\t\t <div class=\"pg-group-content pm-group-name-desc pm-difl\">\n\t\t\t\t <h3 class=\"pg-group-title pm-group-heading pm-pad10 pm-clip\"><a href=\"https:\/\/pfadiorion.ch\/index.php\/default-user-group\/?gid=2\">Biber Leitende<\/a><\/h3>\n\t\t\t\t \t\t\t\t\t <p class=\"pg-group-desc pm-group-desc pm-pad10\">Die Biberstufe richtet sich an Kinder im Kindergartenalter (ca. 4\u20136 Jahre) und bietet einen ersten, spielerischen Einstieg in die Pfadiwelt. Einmal ...<\/p>\n\t\t\t\t \t\t\t\t \t\t\t\t <div class=\"pg-group-meta\">\n\t\t\t\t\t \t\t\t\t\t \t\t\t\t\t\t <span class=\"pg-group-meta-item pg-group-meta-members\"><span class=\"material-icons\">group<\/span> 5 Members<\/span>\n\t\t\t\t\t                                          \t\t\t\t\t \t\t\t\t <\/div>\n\t\t\t\t \t\t\t <\/div>\n\t\t\t \t\t\t <div class=\"pm-group-button pm-difr\">\n\t\t\t\t <a href=\"?gid=2\" class=\"pm_button pg-group-button\">Join Group<\/a>\t\t\t <\/div>\n\t\t\t \n\t\t <\/div>\n\t\t\t\t\t\t <div class=\"pg-group-card pg-group-card-list pm-group pm-group-list-view pm-dbfl\">\n\t\t\t \t\t\t <div class=\"pg-group-image pm-group-logo pm-difl\">\n\t\t\t\t \t\t\t\t\t <a href=\"?gid=1\" class=\"pm-group-image-link\"><div class=\"pg-group-fallback\"><span class=\"material-icons\">groups<\/span><\/div><\/a>\n\t\t\t\t \t\t\t\t \t\t\t\t\t <span class=\"pg-group-type material-icons\">lock<\/span>\n\t\t\t\t \t\t\t\t \t\t\t <\/div>\n\t\t\t \t\t\t <div class=\"pg-group-content pm-group-name-desc pm-difl\">\n\t\t\t\t <h3 class=\"pg-group-title pm-group-heading pm-pad10 pm-clip\"><a href=\"https:\/\/pfadiorion.ch\/index.php\/default-user-group\/?gid=1\">Default Group<\/a><\/h3>\n\t\t\t\t \t\t\t\t\t <p class=\"pg-group-desc pm-group-desc pm-pad10\">This is the default user group. All existing users are automatically included in this group. Groups can be modified or deleted by the admin.<\/p>\n\t\t\t\t \t\t\t\t \t\t\t\t <div class=\"pg-group-meta\">\n\t\t\t\t\t \t\t\t\t\t \t\t\t\t\t\t <span class=\"pg-group-meta-item pg-group-meta-members\"><span class=\"material-icons\">group<\/span> 30 Members<\/span>\n\t\t\t\t\t                                          \t\t\t\t\t \t\t\t\t <\/div>\n\t\t\t\t \t\t\t <\/div>\n\t\t\t \t\t\t <div class=\"pm-group-button pm-difr\">\n\t\t\t\t <a href=\"?gid=1\" class=\"pm_button pg-group-button\">Request Access<\/a>\t\t\t <\/div>\n\t\t\t \n\t\t <\/div>\n\t\t\t\t\t <div class=\"pm_clear\"><\/div>\n\t\t<div class=\"pm-groups-pagination\"><\/div><\/div>\n\n  <\/div>\n   <\/div>\n<\/div>\n\n","protected":false},"excerpt":{"rendered":"","protected":false},"author":1,"featured_media":0,"parent":0,"menu_order":0,"comment_status":"closed","ping_status":"closed","template":"","meta":{"footnotes":""},"class_list":["post-299","page","type-page","status-publish","hentry"],"_links":{"self":[{"href":"https:\/\/pfadiorion.ch\/index.php\/wp-json\/wp\/v2\/pages\/299","targetHints":{"allow":["GET"]}}],"collection":[{"href":"https:\/\/pfadiorion.ch\/index.php\/wp-json\/wp\/v2\/pages"}],"about":[{"href":"https:\/\/pfadiorion.ch\/index.php\/wp-json\/wp\/v2\/types\/page"}],"author":[{"embeddable":true,"href":"https:\/\/pfadiorion.ch\/index.php\/wp-json\/wp\/v2\/users\/1"}],"replies":[{"embeddable":true,"href":"https:\/\/pfadiorion.ch\/index.php\/wp-json\/wp\/v2\/comments?post=299"}],"version-history":[{"count":0,"href":"https:\/\/pfadiorion.ch\/index.php\/wp-json\/wp\/v2\/pages\/299\/revisions"}],"wp:attachment":[{"href":"https:\/\/pfadiorion.ch\/index.php\/wp-json\/wp\/v2\/media?parent=299"}],"curies":[{"name":"wp","href":"https:\/\/api.w.org\/{rel}","templated":true}]}}