{"id":29,"date":"2026-03-19T21:21:39","date_gmt":"2026-03-19T20:21:39","guid":{"rendered":"https:\/\/pfadiorion.ch\/?page_id=29"},"modified":"2026-04-29T15:08:32","modified_gmt":"2026-04-29T13:08:32","slug":"samstag-aktivitaet","status":"publish","type":"page","link":"https:\/\/pfadiorion.ch\/","title":{"rendered":"Samstag Aktivit\u00e4t"},"content":{"rendered":"\n<h2 class=\"wp-block-heading has-text-align-left\">N\u00e4chsten Samstag&#8230;.<\/h2>\n\n\n<div class=\"pmagic\">\n<div id=\"pg-user-blog\" class=\"pm-difl\">\n         \n    <div id=\"pg-user-blog-container\" class=\"pm-dbfl\">\n                        <div class=\"pm-blog-post-wrap pm-dbfl\">\n                                                <div class=\"pm-blog-img-wrap pm-difl\">\n                                                        <div class=\"pm-blog-img pm-difl\">\n\t\t\t\t<img loading=\"lazy\" decoding=\"async\" width=\"2560\" height=\"1152\" src=\"https:\/\/pfadiorion.ch\/wp-content\/uploads\/2026\/04\/20230820_134235-scaled.jpg\" class=\"attachment-post-thumbnail size-post-thumbnail wp-post-image\" alt=\"\" srcset=\"https:\/\/pfadiorion.ch\/wp-content\/uploads\/2026\/04\/20230820_134235-scaled.jpg 2560w, https:\/\/pfadiorion.ch\/wp-content\/uploads\/2026\/04\/20230820_134235-300x135.jpg 300w, https:\/\/pfadiorion.ch\/wp-content\/uploads\/2026\/04\/20230820_134235-1024x461.jpg 1024w, https:\/\/pfadiorion.ch\/wp-content\/uploads\/2026\/04\/20230820_134235-768x346.jpg 768w, https:\/\/pfadiorion.ch\/wp-content\/uploads\/2026\/04\/20230820_134235-1536x691.jpg 1536w, https:\/\/pfadiorion.ch\/wp-content\/uploads\/2026\/04\/20230820_134235-2048x922.jpg 2048w\" sizes=\"auto, (min-width: 960px) 75vw, 100vw\" \/>                            <\/div>\n                                                                                    <div class=\"pm-blog-status pm-difl\">\n                                <span class=\"pm-blog-time \">1\u00a0Woche ago<\/span>\n                                <span class=\"pm-blog-comment\">no Comment<\/span>\n                            <\/div>\n                                                    <\/div>\n                                                <div class=\"pm-blog-desc-wrap pm-difl\">\n                            <div class=\"pm-blog-title\">\n                                <a href=\"https:\/\/pfadiorion.ch\/index.php\/profilegrid_blogs\/pfadi\/\"><span>Pfadi<\/span><\/a>\n                            <\/div>\n                                                        <div class=\"pm-blog-desc\">\n                             <p>Zeit: 14:00-17:00 Uhr Treffpunkt: Pfadiheim Mitnehmen: Zvieri Ztrinke und wetterangepasste Kleidung<\/p>\n                            <\/div>\n                        <\/div>\n                    <\/div>\n                                        <div class=\"pm-blog-post-wrap pm-dbfl\">\n                                                <div class=\"pm-blog-img-wrap pm-difl\">\n                                                        <div class=\"pm-blog-img pm-difl\">\n\t\t\t\t                                <img decoding=\"async\" src=\"https:\/\/pfadiorion.ch\/wp-content\/plugins\/profilegrid-user-profiles-groups-and-communities\/includes\/..\/public\/partials\/images\/default-featured.jpg\" alt=\"W\u00f6lfli\" class=\"pm-user\" \/>\n                                                            <\/div>\n                                                                                    <div class=\"pm-blog-status pm-difl\">\n                                <span class=\"pm-blog-time \">1\u00a0Woche ago<\/span>\n                                <span class=\"pm-blog-comment\">no Comment<\/span>\n                            <\/div>\n                                                    <\/div>\n                                                <div class=\"pm-blog-desc-wrap pm-difl\">\n                            <div class=\"pm-blog-title\">\n                                <a href=\"https:\/\/pfadiorion.ch\/index.php\/profilegrid_blogs\/woelfli\/\"><span>W\u00f6lfli<\/span><\/a>\n                            <\/div>\n                                                        <div class=\"pm-blog-desc\">\n                             <p>Antreten: 14.00 Uhr Abtreten: 17.00 Uhr Mitnehmen: Zvieri, Ztrinke, wetterangepasste Kleidung\u2600\ufe0f<\/p>\n                            <\/div>\n                        <\/div>\n                    <\/div>\n                                        <div class=\"pm-blog-post-wrap pm-dbfl\">\n                                                <div class=\"pm-blog-img-wrap pm-difl\">\n                                                        <div class=\"pm-blog-img pm-difl\">\n\t\t\t\t<img loading=\"lazy\" decoding=\"async\" width=\"1152\" height=\"2560\" src=\"https:\/\/pfadiorion.ch\/wp-content\/uploads\/2026\/05\/20260501_140534-scaled.jpg\" class=\"attachment-post-thumbnail size-post-thumbnail wp-post-image\" alt=\"\" srcset=\"https:\/\/pfadiorion.ch\/wp-content\/uploads\/2026\/05\/20260501_140534-scaled.jpg 1152w, https:\/\/pfadiorion.ch\/wp-content\/uploads\/2026\/05\/20260501_140534-135x300.jpg 135w, https:\/\/pfadiorion.ch\/wp-content\/uploads\/2026\/05\/20260501_140534-461x1024.jpg 461w, https:\/\/pfadiorion.ch\/wp-content\/uploads\/2026\/05\/20260501_140534-768x1707.jpg 768w, https:\/\/pfadiorion.ch\/wp-content\/uploads\/2026\/05\/20260501_140534-691x1536.jpg 691w, https:\/\/pfadiorion.ch\/wp-content\/uploads\/2026\/05\/20260501_140534-922x2048.jpg 922w, https:\/\/pfadiorion.ch\/wp-content\/uploads\/2026\/05\/20260501_140534-229x508.jpg 229w\" sizes=\"auto, (min-width: 960px) 75vw, 100vw\" \/>                            <\/div>\n                                                                                    <div class=\"pm-blog-status pm-difl\">\n                                <span class=\"pm-blog-time \">2\u00a0Wochen ago<\/span>\n                                <span class=\"pm-blog-comment\">no Comment<\/span>\n                            <\/div>\n                                                    <\/div>\n                                                <div class=\"pm-blog-desc-wrap pm-difl\">\n                            <div class=\"pm-blog-title\">\n                                <a href=\"https:\/\/pfadiorion.ch\/index.php\/profilegrid_blogs\/2-mai-2026\/\"><span>2. Mai 2026<\/span><\/a>\n                            <\/div>\n                                                        <div class=\"pm-blog-desc\">\n                             <p>Diesen Samstag findet keine Pfadi statt, da im Moment Ausbildungskurse f\u00fcr die Leitenden stattfinden. Wir w\u00fcnschen einen sch\u00f6nen, sonnigen Samstag!\u2600\ufe0f<\/p>\n                            <\/div>\n                        <\/div>\n                    <\/div>\n                        <\/div>\n<\/div>\n<\/div>\n","protected":false},"excerpt":{"rendered":"<p>N\u00e4chsten Samstag&#8230;.<\/p>\n","protected":false},"author":1,"featured_media":0,"parent":0,"menu_order":0,"comment_status":"closed","ping_status":"closed","template":"","meta":{"footnotes":""},"class_list":["post-29","page","type-page","status-publish","hentry"],"_links":{"self":[{"href":"https:\/\/pfadiorion.ch\/index.php\/wp-json\/wp\/v2\/pages\/29","targetHints":{"allow":["GET"]}}],"collection":[{"href":"https:\/\/pfadiorion.ch\/index.php\/wp-json\/wp\/v2\/pages"}],"about":[{"href":"https:\/\/pfadiorion.ch\/index.php\/wp-json\/wp\/v2\/types\/page"}],"author":[{"embeddable":true,"href":"https:\/\/pfadiorion.ch\/index.php\/wp-json\/wp\/v2\/users\/1"}],"replies":[{"embeddable":true,"href":"https:\/\/pfadiorion.ch\/index.php\/wp-json\/wp\/v2\/comments?post=29"}],"version-history":[{"count":34,"href":"https:\/\/pfadiorion.ch\/index.php\/wp-json\/wp\/v2\/pages\/29\/revisions"}],"predecessor-version":[{"id":425,"href":"https:\/\/pfadiorion.ch\/index.php\/wp-json\/wp\/v2\/pages\/29\/revisions\/425"}],"wp:attachment":[{"href":"https:\/\/pfadiorion.ch\/index.php\/wp-json\/wp\/v2\/media?parent=29"}],"curies":[{"name":"wp","href":"https:\/\/api.w.org\/{rel}","templated":true}]}}